{"id":260,"date":"2018-01-19T15:20:28","date_gmt":"2018-01-19T19:20:28","guid":{"rendered":"http:\/\/new.sancristobal.gob.do\/transparencia\/?page_id=260"},"modified":"2025-06-11T15:08:15","modified_gmt":"2025-06-11T19:08:15","slug":"responsable-de-acceso-a-la-informacion","status":"publish","type":"page","link":"https:\/\/ayuntamientosancristobal.gob.do\/transparencia\/responsable-de-acceso-a-la-informacion\/","title":{"rendered":"Responsable de Acceso a la Informaci\u00f3n"},"content":{"rendered":"<p class=\"rai_nombre\"><b>Jos\u00e9&nbsp;Napole\u00f3n&nbsp;Dom\u00ednguez&nbsp;Arias<\/b><br \/>\n<i>Responsable Libre Acceso a la Informaci\u00f3n&nbsp;Publica<\/i><\/p>\n<p><strong>Tel.:<\/strong> 809-528-3521 ext. 291<br \/>\n<strong>Correo:<\/strong> oaimsancristobal@gmail.com<\/p>\n","protected":false},"excerpt":{"rendered":"Jos\u00e9&nbsp;Napole\u00f3n&nbsp;Dom\u00ednguez&nbsp;Arias Responsable Libre Acceso a la Informaci\u00f3n&nbsp;Publica Tel.: 809-528-3521 ext. 291 Correo: oaimsancristobal@gmail.com","protected":false},"author":3,"featured_media":0,"parent":0,"menu_order":0,"comment_status":"closed","ping_status":"closed","template":"","meta":[],"acf":[],"_links":{"self":[{"href":"https:\/\/ayuntamientosancristobal.gob.do\/transparencia\/wp-json\/wp\/v2\/pages\/260"}],"collection":[{"href":"https:\/\/ayuntamientosancristobal.gob.do\/transparencia\/wp-json\/wp\/v2\/pages"}],"about":[{"href":"https:\/\/ayuntamientosancristobal.gob.do\/transparencia\/wp-json\/wp\/v2\/types\/page"}],"author":[{"embeddable":true,"href":"https:\/\/ayuntamientosancristobal.gob.do\/transparencia\/wp-json\/wp\/v2\/users\/3"}],"replies":[{"embeddable":true,"href":"https:\/\/ayuntamientosancristobal.gob.do\/transparencia\/wp-json\/wp\/v2\/comments?post=260"}],"version-history":[{"count":6,"href":"https:\/\/ayuntamientosancristobal.gob.do\/transparencia\/wp-json\/wp\/v2\/pages\/260\/revisions"}],"predecessor-version":[{"id":4766,"href":"https:\/\/ayuntamientosancristobal.gob.do\/transparencia\/wp-json\/wp\/v2\/pages\/260\/revisions\/4766"}],"wp:attachment":[{"href":"https:\/\/ayuntamientosancristobal.gob.do\/transparencia\/wp-json\/wp\/v2\/media?parent=260"}],"curies":[{"name":"wp","href":"https:\/\/api.w.org\/{rel}","templated":true}]}}